{"id":24,"date":"2022-06-02T17:08:01","date_gmt":"2022-06-02T17:08:01","guid":{"rendered":"http:\/\/2sustain.dk\/?page_id=24"},"modified":"2022-06-07T16:43:02","modified_gmt":"2022-06-07T16:43:02","slug":"inspiration","status":"publish","type":"page","link":"https:\/\/2sustain.dk\/en\/inspiration","title":{"rendered":"Inspiration"},"content":{"rendered":"<figure class=\"wp-block-image size-medium\"><img decoding=\"async\" loading=\"lazy\" width=\"274\" height=\"300\" src=\"https:\/\/2sustain.dk\/wp-content\/uploads\/2022\/06\/unnamed-3-274x300.jpg\" alt=\"Inspiration\" class=\"wp-image-114\" srcset=\"https:\/\/2sustain.dk\/wp-content\/uploads\/2022\/06\/unnamed-3-274x300.jpg 274w, https:\/\/2sustain.dk\/wp-content\/uploads\/2022\/06\/unnamed-3-935x1024.jpg 935w, https:\/\/2sustain.dk\/wp-content\/uploads\/2022\/06\/unnamed-3-768x841.jpg 768w, https:\/\/2sustain.dk\/wp-content\/uploads\/2022\/06\/unnamed-3.jpg 1000w\" sizes=\"(max-width: 274px) 100vw, 274px\" \/><figcaption>Vi har samlet en r\u00e6kke links, b\u00f8ger, artikler og videoklip som inspiration til at arbejde med b\u00e6redygtighed.<\/figcaption><\/figure>\n\n\n\n<ul><li>links<\/li><li>B\u00f8ger<\/li><li>Artikler<\/li><li>Podcasts<\/li><li>videoklip<\/li><\/ul>","protected":false},"excerpt":{"rendered":"<p>links B\u00f8ger Artikler Podcasts videoklip<\/p>","protected":false},"author":1,"featured_media":0,"parent":0,"menu_order":0,"comment_status":"closed","ping_status":"closed","template":"","meta":[],"post_mailing_queue_ids":[],"_links":{"self":[{"href":"https:\/\/2sustain.dk\/en\/wp-json\/wp\/v2\/pages\/24"}],"collection":[{"href":"https:\/\/2sustain.dk\/en\/wp-json\/wp\/v2\/pages"}],"about":[{"href":"https:\/\/2sustain.dk\/en\/wp-json\/wp\/v2\/types\/page"}],"author":[{"embeddable":true,"href":"https:\/\/2sustain.dk\/en\/wp-json\/wp\/v2\/users\/1"}],"replies":[{"embeddable":true,"href":"https:\/\/2sustain.dk\/en\/wp-json\/wp\/v2\/comments?post=24"}],"version-history":[{"count":4,"href":"https:\/\/2sustain.dk\/en\/wp-json\/wp\/v2\/pages\/24\/revisions"}],"predecessor-version":[{"id":116,"href":"https:\/\/2sustain.dk\/en\/wp-json\/wp\/v2\/pages\/24\/revisions\/116"}],"wp:attachment":[{"href":"https:\/\/2sustain.dk\/en\/wp-json\/wp\/v2\/media?parent=24"}],"curies":[{"name":"wp","href":"https:\/\/api.w.org\/{rel}","templated":true}]}}